{"id":1887,"date":"2024-12-24T09:52:11","date_gmt":"2024-12-24T08:52:11","guid":{"rendered":"https:\/\/www.ortoll.cat\/avis-de-galetes\/"},"modified":"2025-11-24T15:33:31","modified_gmt":"2025-11-24T14:33:31","slug":"aviso-de-cookies","status":"publish","type":"page","link":"https:\/\/www.ortoll.cat\/es\/aviso-de-cookies\/","title":{"rendered":"Aviso de cookies"},"content":{"rendered":"\t\t<div data-elementor-type=\"wp-page\" data-elementor-id=\"1887\" class=\"elementor elementor-1887 elementor-183\" data-elementor-post-type=\"page\">\n\t\t\t\t<div class=\"elementor-element elementor-element-c630df1 e-con-full e-flex e-con e-parent\" data-id=\"c630df1\" data-element_type=\"container\" data-settings=\"{&quot;background_background&quot;:&quot;classic&quot;}\">\n\t\t\t\t<div class=\"elementor-element elementor-element-70e70ff elementor-widget elementor-widget-heading\" data-id=\"70e70ff\" data-element_type=\"widget\" data-widget_type=\"heading.default\">\n\t\t\t\t<div class=\"elementor-widget-container\">\n\t\t\t\t\t<h2 class=\"elementor-heading-title elementor-size-default\">Aviso de cookies<\/h2>\t\t\t\t<\/div>\n\t\t\t\t<\/div>\n\t\t\t\t<\/div>\n\t\t<div class=\"elementor-element elementor-element-81a9838 e-con-full e-flex e-con e-parent\" data-id=\"81a9838\" data-element_type=\"container\" data-settings=\"{&quot;background_background&quot;:&quot;classic&quot;}\">\n\t\t<div class=\"elementor-element elementor-element-b6fe331 e-con-full e-flex e-con e-child\" data-id=\"b6fe331\" data-element_type=\"container\">\n\t\t<div class=\"elementor-element elementor-element-89a842a e-con-full e-flex e-con e-child\" data-id=\"89a842a\" data-element_type=\"container\">\n\t\t\t\t<div class=\"elementor-element elementor-element-b7251c7 elementor-widget elementor-widget-text-editor\" data-id=\"b7251c7\" data-element_type=\"widget\" data-widget_type=\"text-editor.default\">\n\t\t\t\t<div class=\"elementor-widget-container\">\n\t\t\t\t\t\t\t\t\t<p><b>AVISO EMERGENTE DE COOKIES:<\/b><\/p><p>Utilizamos cookies propias y de terceros para mejorar la experiencia de navegaci\u00f3n y ofrecer contenidos interesantes mediante el an\u00e1lisis de sus h\u00e1bitos de navegaci\u00f3n. Al pulsar Aceptar, consiente estas cookies. Puede obtener m\u00e1s informaci\u00f3n, o bien conocer c\u00f3mo cambiar la configuraci\u00f3n, pulsando <b><i>Pol\u00edtica de Cookies<\/i><\/b>. <i>&gt;&gt; ACEPTAR<\/i><\/p><p><i>Nota: La informaci\u00f3n debe mantenerse hasta que el usuario realice la acci\u00f3n requerida para obtener el consentimiento. No deben instalarse las cookies hasta que el usuario pulse el bot\u00f3n indicado.<\/i><\/p><h2><b>Secci\u00f3n 1<\/b><\/h2><h3><b>POL\u00cdTICA DE COOKIES<\/b><\/h3><p>Una <i>cookie<\/i> es un peque\u00f1o archivo de texto que se almacena en su navegador cuando visita casi cualquier p\u00e1gina web. Su utilidad es que la web sea capaz de recordar su visita cuando vuelva a navegar por esa p\u00e1gina. Las <i>cookies<\/i> suelen almacenar informaci\u00f3n de car\u00e1cter t\u00e9cnico, preferencias personales, personalizaci\u00f3n de contenidos, estad\u00edsticas de uso, enlaces a redes sociales, acceso a cuentas de usuario, etc. El objetivo de la <i>cookie<\/i> es adaptar el contenido de la web a su perfil y necesidades; sin <i>cookies<\/i> los servicios ofrecidos por cualquier p\u00e1gina se ver\u00edan notablemente mermados. Si desea consultar m\u00e1s informaci\u00f3n sobre qu\u00e9 son las <i>cookies<\/i>, qu\u00e9 almacenan, c\u00f3mo eliminarlas, desactivarlas, etc., <b>le rogamos se dirija a este enlace.<\/b> (apartado 2)<\/p><h3><b>COOKIES UTILIZADAS EN ESTE SITIO WEB<\/b><\/h3><p>Siguiendo las directrices de la Agencia Espa\u00f1ola de Protecci\u00f3n de Datos, procedemos a detallar el uso de <i>cookies<\/i> que hace este sitio web con la finalidad de informarle con la m\u00e1xima exactitud posible.<\/p><p>Este sitio web utiliza las siguientes <b>cookies propias<\/b>:<\/p><p>Cookies de sesi\u00f3n, para garantizar que los usuarios que escriben comentarios en el blog sean humanos y no aplicaciones automatizadas. De esta manera se combate el <i>spam<\/i>.<\/p><table><tbody><tr><td>Nombre de la cookie<\/td><td>Tipo de cookie<\/td><td>Prop\u00f3sito de la cookie<\/td><\/tr><tr><td>PHPSESSID<\/td><td>Sesi\u00f3n<\/td><td>Esta cookie es utilizada por el lenguaje de encriptaci\u00f3n PHP para permitir que las variables de SESI\u00d3N sean guardadas en el servidor web. Esta cookie es esencial para el funcionamiento del sitio web.<\/td><\/tr><tr><td>_utma, _utmb,<br \/>_ubmc, _utmz<\/td><td>Duraci\u00f3n<\/td><td>Estas cookies son establecidas por Google Analytics para rastrear el uso del sitio web. Estas cookies no se configuran si desconecta las cookies para este sitio web.<\/td><\/tr><\/tbody><\/table><p>Este sitio web utiliza las siguientes <b>cookies de terceros<\/b>:<\/p><p>Google Analytics: Almacena <i>cookies<\/i> para poder elaborar estad\u00edsticas sobre el tr\u00e1fico y volumen de visitas de este sitio web. Al utilizar este sitio web, usted est\u00e1 consintiendo el tratamiento de informaci\u00f3n sobre usted por parte de Google. Por tanto, el ejercicio de cualquier derecho en este sentido deber\u00e1 hacerlo comunic\u00e1ndose directamente con Google.<\/p><p>Redes sociales: Cada red social utiliza sus propias <i>cookies<\/i> para que usted pueda hacer clic en botones del tipo <i>Me gusta<\/i> o <i>Compartir<\/i>.<\/p><ul><li>YouTube<\/li><li>Twitter<\/li><li>Facebook<\/li><\/ul><p><b>Desactivaci\u00f3n o eliminaci\u00f3n de cookies<\/b><\/p><p>En cualquier momento podr\u00e1 ejercer su derecho de desactivaci\u00f3n o eliminaci\u00f3n de cookies de este sitio web. Estas acciones se realizan de forma diferente seg\u00fan el navegador que est\u00e9 utilizando. <b>Aqu\u00ed le dejamos una gu\u00eda r\u00e1pida para los navegadores m\u00e1s populares.<\/b><\/p><p>(apartado 3)<\/p><p><b>Notas adicionales<\/b><\/p><p>Ni este sitio web ni sus representantes legales se hacen responsables ni del contenido ni de la veracidad de las pol\u00edticas de privacidad que puedan tener los terceros mencionados en esta pol\u00edtica de <i>cookies<\/i>.<\/p><p>Los navegadores web son las herramientas encargadas de almacenar las <i>cookies<\/i> y desde este lugar debe ejercer su derecho a eliminaci\u00f3n o desactivaci\u00f3n de las mismas. Ni este sitio web ni sus representantes legales pueden garantizar la correcta o incorrecta manipulaci\u00f3n de las <i>cookies<\/i> por parte de los mencionados navegadores.<\/p><p>En algunos casos es necesario instalar <i>cookies<\/i> para que el navegador no olvide su decisi\u00f3n de no aceptaci\u00f3n de las mismas.<\/p><p>Para cualquier duda o consulta sobre esta pol\u00edtica de <i>cookies<\/i> no dude en ponerse en contacto con nosotros a trav\u00e9s de la secci\u00f3n de contacto.<\/p><h2><b>Secci\u00f3n 2<\/b><\/h2><p><b>M\u00e1s informaci\u00f3n sobre las cookies<\/b><\/p><p><b>\u00bfQu\u00e9 es una cookie?<\/b><\/p><p>Una <i>cookie<\/i> es un archivo de texto inofensivo que se almacena en su navegador cuando visita casi cualquier p\u00e1gina web. La utilidad de la <i>cookie<\/i> es que la web sea capaz de recordar su visita cuando vuelva a navegar por esa p\u00e1gina. Aunque mucha gente no lo sabe, las <i>cookies<\/i> se utilizan desde hace 20 a\u00f1os, cuando aparecieron los primeros navegadores para la World Wide Web.<\/p><p><b>\u00bfQu\u00e9 NO ES una cookie?<\/b><\/p><p>No es un virus, ni un troyano, ni un gusano, ni correo basura, ni software esp\u00eda, ni abre ventanas emergentes.<\/p><p><b>\u00bfQu\u00e9 informaci\u00f3n almacena una <\/b><b><i>cookie<\/i><\/b><b>?<\/b><\/p><p>Las <i>cookies<\/i> no suelen almacenar informaci\u00f3n sensible sobre usted, como tarjetas de cr\u00e9dito o datos bancarios, fotograf\u00edas, su DNI o informaci\u00f3n personal, etc. Los datos que guardan son de car\u00e1cter t\u00e9cnico, preferencias personales, personalizaci\u00f3n de contenidos, etc.<\/p><p>El servidor web no le asocia a usted como persona sino a su navegador web. De hecho, si usted navega habitualmente con Internet Explorer y prueba a navegar por la misma web con Firefox o Chrome ver\u00e1 que la web no se da cuenta de que es usted la misma persona porque en realidad est\u00e1 asociando al navegador, no a la persona.<\/p><p><b>\u00bfQu\u00e9 tipos de <\/b><b><i>cookies<\/i><\/b><b> existen?<\/b><\/p><p><i>Cookies<\/i> t\u00e9cnicas: Son las m\u00e1s elementales y permiten, entre otras cosas, saber cu\u00e1ndo est\u00e1 navegando un humano o una aplicaci\u00f3n automatizada, cu\u00e1ndo navega un usuario an\u00f3nimo y uno registrado, tareas b\u00e1sicas para el funcionamiento de cualquier web din\u00e1mica.<\/p><p><i>Cookies<\/i> de an\u00e1lisis: Recogen informaci\u00f3n sobre el tipo de navegaci\u00f3n que est\u00e1 realizando, las secciones que m\u00e1s utiliza, productos consultados, franja horaria de uso, idioma, etc.<\/p><p><i>Cookies<\/i> publicitarias: Muestran publicidad en funci\u00f3n de su navegaci\u00f3n, su pa\u00eds de procedencia, idioma, etc.<\/p><p><b>\u00bfQu\u00e9 son las <\/b><b><i>cookies<\/i><\/b><b> propias y las de terceros?<\/b><\/p><p>Las <i>cookies propias<\/i> son generadas por la p\u00e1gina que est\u00e1 visitando y las <i>de terceros<\/i> son las generadas por servicios o proveedores externos como Facebook, Twitter, Google, etc.<\/p><p><b>\u00bfQu\u00e9 pasa si desactivo las <\/b><b><i>cookies<\/i><\/b><b>?<\/b><\/p><p>Para que entienda el alcance que puede tener desactivar las <i>cookies<\/i> le mostramos algunos ejemplos:<\/p><p>No podr\u00e1 compartir contenidos de esa web en Facebook, Twitter o cualquier otra red social.<\/p><p>El sitio web no podr\u00e1 adaptar los contenidos a sus preferencias personales, como suele suceder en las tiendas en l\u00ednea.<\/p><p>No podr\u00e1 acceder al \u00e1rea personal de esa web, como <i>Mi cuenta<\/i>, <i>Mi perfil<\/i> o <i>Mis pedidos<\/i>.<\/p><p>Tiendas en l\u00ednea: Le ser\u00e1 imposible realizar compras en l\u00ednea, deber\u00e1n ser telef\u00f3nicas o visitando la tienda f\u00edsica si dispone de ella.<\/p><p>No ser\u00e1 posible personalizar sus preferencias geogr\u00e1ficas como franja horaria, moneda o idioma.<\/p><p>El sitio web no podr\u00e1 realizar an\u00e1lisis web sobre visitantes y tr\u00e1fico en la web, lo que dificultar\u00e1 que la web sea competitiva.<\/p><p>No podr\u00e1 escribir en el blog, subir fotos, publicar comentarios, valorar o puntuar contenidos. El sitio web tampoco podr\u00e1 saber si usted es un humano o una aplicaci\u00f3n automatizada que publica <i>spam<\/i>.<\/p><p>No podr\u00e1 mostrarse publicidad segmentada, lo que reducir\u00e1 los ingresos publicitarios del sitio web.<\/p><p>Todas las redes sociales usan <i>cookies<\/i>; si las desactiva no podr\u00e1 utilizar ninguna red social.<\/p><p><b>\u00bfSe pueden eliminar las <\/b><b><i>cookies<\/i><\/b><b>?<\/b><\/p><p>S\u00ed. No solo eliminar, tambi\u00e9n bloquear, de forma general o particular para un dominio espec\u00edfico.<\/p><p>Para eliminar las <i>cookies<\/i> de un sitio web debe ir a la configuraci\u00f3n de su navegador y all\u00ed podr\u00e1 buscar las asociadas al dominio en cuesti\u00f3n y proceder a su eliminaci\u00f3n.<\/p><p><span style=\"font-weight: bold;\">\u00bfDurante cu\u00e1nto tiempo conservamos la informaci\u00f3n<i>?<\/i><\/span><\/p><p>En cumplimiento del art\u00edculo 13.2 del Reglamento (UE) 2016\/679, mantendremos la informaci\u00f3n recopilada a trav\u00e9s de las cookies durante el tiempo imprescindible para cumplir con las finalidades indicadas en cada cookie.<\/p><p>En relaci\u00f3n con las cookies de terceros, los plazos de conservaci\u00f3n pueden consultarse en sus respectivas Pol\u00edticas de Privacidad y de Cookies que constan en la tabla anterior.<\/p><h2><b>Secci\u00f3n 3<\/b><\/h2><p><b>Configuraci\u00f3n de cookies para los navegadores m\u00e1s populares<\/b><\/p><p>A continuaci\u00f3n le indicamos c\u00f3mo acceder a una <i>cookie<\/i> determinada en el navegador <b>Chrome<\/b>. Nota: estos pasos pueden variar en funci\u00f3n de la versi\u00f3n del navegador:<\/p><p>Vaya a Configuraci\u00f3n o Preferencias mediante el men\u00fa Archivo o bien pulsando en el icono de personalizaci\u00f3n que aparece arriba a la derecha.<\/p><p>Ver\u00e1 diferentes secciones, pulse la opci\u00f3n <i>Mostrar opciones avanzadas<\/i>.<\/p><p>Vaya a <i>Privacidad<\/i>, <i>Configuraci\u00f3n de contenido<\/i>.<\/p><p>Seleccione <i>Todas las cookies y los datos de sitios web<\/i>.<\/p><p>Aparecer\u00e1 un listado con todas las <i>cookies<\/i> ordenadas por dominio. Para facilitarle la b\u00fasqueda de las <i>cookies<\/i> de un determinado dominio introduzca parcial o totalmente la direcci\u00f3n en el campo <i>Buscar cookies<\/i>.<\/p><p>Despu\u00e9s de realizar este filtro aparecer\u00e1n en pantalla una o varias l\u00edneas con las <i>cookies<\/i> del sitio web solicitado. Ahora solo debe seleccionarla y pulsar la <i>X<\/i> para proceder a su eliminaci\u00f3n.<\/p><p>Para acceder a la configuraci\u00f3n de <i>cookies<\/i> del navegador <b>Internet Explorer<\/b> siga estos pasos (pueden variar seg\u00fan la versi\u00f3n del navegador):<\/p><p>Vaya a <i>Herramientas<\/i>, <i>Opciones de Internet<\/i><\/p><p>Haga clic en <i>Privacidad<\/i>.<\/p><p>Mueva el deslizador hasta ajustar el nivel de privacidad que desee.<\/p><p>Para acceder a la configuraci\u00f3n de <i>cookies<\/i> del navegador <b>Firefox<\/b>, siga estos pasos (pueden variar seg\u00fan la versi\u00f3n del navegador):<\/p><p>Vaya a <i>Opciones<\/i> o <i>Preferencias<\/i> seg\u00fan su sistema operativo.<\/p><p>Haga clic en <i>Privacidad<\/i>.<\/p><p>En <i>Historial<\/i> seleccione <i>Usar una configuraci\u00f3n personalizada para el historial<\/i>.<\/p><p>Ahora ver\u00e1 la opci\u00f3n <i>Aceptar cookies<\/i>, puede activarla o desactivarla seg\u00fan sus preferencias.<\/p><p>Para acceder a la configuraci\u00f3n de <i>cookies<\/i> del navegador <b>Safari para OSX<\/b>, siga estos pasos (pueden variar seg\u00fan la versi\u00f3n del navegador):<\/p><p>Vaya a <i>Preferencias<\/i>, luego <i>Privacidad<\/i>.<\/p><p>All\u00ed ver\u00e1 la opci\u00f3n <i>Bloquear cookies<\/i> para ajustar el tipo de bloqueo que desea realizar.<\/p><p>Para acceder a la configuraci\u00f3n de <i>cookies<\/i> del navegador <b>Safari para iOS<\/b>, siga estos pasos (pueden variar seg\u00fan la versi\u00f3n del navegador):<\/p><p>Vaya a <i>Ajustes<\/i>, luego <i>Safari<\/i>.<\/p><p>Vaya a <i>Privacidad y Seguridad<\/i>, ver\u00e1 la opci\u00f3n <i>Bloquear cookies<\/i> para ajustar el tipo de bloqueo que desea realizar.<\/p><p>Para acceder a la configuraci\u00f3n de <i>cookies<\/i> del navegador para dispositivos <b>Android<\/b>, siga estos pasos (pueden variar seg\u00fan la versi\u00f3n del navegador):<\/p><p>Ejecute el navegador y pulse la tecla <i>Men\u00fa<\/i>, luego <i>Ajustes<\/i>.<\/p><p>Vaya a <i>Seguridad y Privacidad<\/i>, ver\u00e1 la opci\u00f3n <i>Aceptar cookies<\/i> para activar o desactivar la casilla.<\/p><p>Para acceder a la configuraci\u00f3n de <i>cookies<\/i> del navegador para dispositivos <b>Windows Phone<\/b>, siga estos pasos (pueden variar seg\u00fan la versi\u00f3n del navegador):<\/p><p>Abra <i>Internet Explorer<\/i>, luego <i>M\u00e1s<\/i>, luego <i>Configuraci\u00f3n<\/i><\/p><p>Ahora puede activar o desactivar la casilla <i>Permitir cookies<\/i>.<\/p>\t\t\t\t\t\t\t\t<\/div>\n\t\t\t\t<\/div>\n\t\t\t\t<\/div>\n\t\t\t\t<\/div>\n\t\t\t\t<\/div>\n\t\t\t\t<\/div>\n\t\t","protected":false},"excerpt":{"rendered":"<p>Aviso de cookies AVISO EMERGENTE DE COOKIES: Utilizamos cookies propias y de terceros para mejorar la experiencia de navegaci\u00f3n y ofrecer contenidos interesantes mediante el an\u00e1lisis de sus h\u00e1bitos de navegaci\u00f3n. Al pulsar Aceptar, consiente estas cookies. Puede obtener m\u00e1s informaci\u00f3n, o bien conocer c\u00f3mo cambiar la configuraci\u00f3n, pulsando Pol\u00edtica de Cookies. &gt;&gt; ACEPTAR Nota: [&hellip;]<\/p>\n","protected":false},"author":1,"featured_media":0,"parent":0,"menu_order":0,"comment_status":"closed","ping_status":"closed","template":"","meta":{"_joinchat":[],"footnotes":""},"class_list":["post-1887","page","type-page","status-publish","hentry"],"yoast_head":"<!-- This site is optimized with the Yoast SEO plugin v26.5 - https:\/\/yoast.com\/wordpress\/plugins\/seo\/ -->\n<title>Aviso de cookies - Ortoll<\/title>\n<meta name=\"description\" content=\"Pol\u00edtica de cookies de Ortoll: conoce el uso, finalidad y gesti\u00f3n de las cookies del sitio web, as\u00ed como tus opciones para aceptar, rechazar o configurar preferencias.\" \/>\n<meta name=\"robots\" content=\"index, follow, max-snippet:-1, max-image-preview:large, max-video-preview:-1\" \/>\n<link rel=\"canonical\" href=\"https:\/\/www.ortoll.cat\/es\/aviso-de-cookies\/\" \/>\n<meta property=\"og:locale\" content=\"es_ES\" \/>\n<meta property=\"og:type\" content=\"article\" \/>\n<meta property=\"og:title\" content=\"Aviso de cookies - Ortoll\" \/>\n<meta property=\"og:description\" content=\"Pol\u00edtica de cookies de Ortoll: conoce el uso, finalidad y gesti\u00f3n de las cookies del sitio web, as\u00ed como tus opciones para aceptar, rechazar o configurar preferencias.\" \/>\n<meta property=\"og:url\" content=\"https:\/\/www.ortoll.cat\/es\/aviso-de-cookies\/\" \/>\n<meta property=\"og:site_name\" content=\"Ortoll\" \/>\n<meta property=\"article:modified_time\" content=\"2025-11-24T14:33:31+00:00\" \/>\n<meta name=\"twitter:card\" content=\"summary_large_image\" \/>\n<script type=\"application\/ld+json\" class=\"yoast-schema-graph\">{\"@context\":\"https:\/\/schema.org\",\"@graph\":[{\"@type\":\"WebPage\",\"@id\":\"https:\/\/www.ortoll.cat\/es\/aviso-de-cookies\/\",\"url\":\"https:\/\/www.ortoll.cat\/es\/aviso-de-cookies\/\",\"name\":\"Aviso de cookies - Ortoll\",\"isPartOf\":{\"@id\":\"https:\/\/www.ortoll.cat\/#website\"},\"datePublished\":\"2024-12-24T08:52:11+00:00\",\"dateModified\":\"2025-11-24T14:33:31+00:00\",\"description\":\"Pol\u00edtica de cookies de Ortoll: conoce el uso, finalidad y gesti\u00f3n de las cookies del sitio web, as\u00ed como tus opciones para aceptar, rechazar o configurar preferencias.\",\"breadcrumb\":{\"@id\":\"https:\/\/www.ortoll.cat\/es\/aviso-de-cookies\/#breadcrumb\"},\"inLanguage\":\"es\",\"potentialAction\":[{\"@type\":\"ReadAction\",\"target\":[\"https:\/\/www.ortoll.cat\/es\/aviso-de-cookies\/\"]}]},{\"@type\":\"BreadcrumbList\",\"@id\":\"https:\/\/www.ortoll.cat\/es\/aviso-de-cookies\/#breadcrumb\",\"itemListElement\":[{\"@type\":\"ListItem\",\"position\":1,\"name\":\"Inici\",\"item\":\"https:\/\/www.ortoll.cat\/es\/\"},{\"@type\":\"ListItem\",\"position\":2,\"name\":\"Aviso de cookies\"}]},{\"@type\":\"WebSite\",\"@id\":\"https:\/\/www.ortoll.cat\/#website\",\"url\":\"https:\/\/www.ortoll.cat\/\",\"name\":\"Gasoil Ortoll - Servicio de gasoil a domicilio\",\"description\":\"\",\"publisher\":{\"@id\":\"https:\/\/www.ortoll.cat\/#organization\"},\"potentialAction\":[{\"@type\":\"SearchAction\",\"target\":{\"@type\":\"EntryPoint\",\"urlTemplate\":\"https:\/\/www.ortoll.cat\/?s={search_term_string}\"},\"query-input\":{\"@type\":\"PropertyValueSpecification\",\"valueRequired\":true,\"valueName\":\"search_term_string\"}}],\"inLanguage\":\"es\"},{\"@type\":\"Organization\",\"@id\":\"https:\/\/www.ortoll.cat\/#organization\",\"name\":\"Gasoil Ortoll\",\"url\":\"https:\/\/www.ortoll.cat\/\",\"logo\":{\"@type\":\"ImageObject\",\"inLanguage\":\"es\",\"@id\":\"https:\/\/www.ortoll.cat\/#\/schema\/logo\/image\/\",\"url\":\"https:\/\/www.ortoll.cat\/wp-content\/uploads\/2024\/12\/Camion-ortoll-Web-little.png\",\"contentUrl\":\"https:\/\/www.ortoll.cat\/wp-content\/uploads\/2024\/12\/Camion-ortoll-Web-little.png\",\"width\":1080,\"height\":720,\"caption\":\"Gasoil Ortoll\"},\"image\":{\"@id\":\"https:\/\/www.ortoll.cat\/#\/schema\/logo\/image\/\"},\"sameAs\":[\"https:\/\/www.instagram.com\/gasoil_ortoll\/\"]}]}<\/script>\n<!-- \/ Yoast SEO plugin. -->","yoast_head_json":{"title":"Aviso de cookies - Ortoll","description":"Pol\u00edtica de cookies de Ortoll: conoce el uso, finalidad y gesti\u00f3n de las cookies del sitio web, as\u00ed como tus opciones para aceptar, rechazar o configurar preferencias.","robots":{"index":"index","follow":"follow","max-snippet":"max-snippet:-1","max-image-preview":"max-image-preview:large","max-video-preview":"max-video-preview:-1"},"canonical":"https:\/\/www.ortoll.cat\/es\/aviso-de-cookies\/","og_locale":"es_ES","og_type":"article","og_title":"Aviso de cookies - Ortoll","og_description":"Pol\u00edtica de cookies de Ortoll: conoce el uso, finalidad y gesti\u00f3n de las cookies del sitio web, as\u00ed como tus opciones para aceptar, rechazar o configurar preferencias.","og_url":"https:\/\/www.ortoll.cat\/es\/aviso-de-cookies\/","og_site_name":"Ortoll","article_modified_time":"2025-11-24T14:33:31+00:00","twitter_card":"summary_large_image","schema":{"@context":"https:\/\/schema.org","@graph":[{"@type":"WebPage","@id":"https:\/\/www.ortoll.cat\/es\/aviso-de-cookies\/","url":"https:\/\/www.ortoll.cat\/es\/aviso-de-cookies\/","name":"Aviso de cookies - Ortoll","isPartOf":{"@id":"https:\/\/www.ortoll.cat\/#website"},"datePublished":"2024-12-24T08:52:11+00:00","dateModified":"2025-11-24T14:33:31+00:00","description":"Pol\u00edtica de cookies de Ortoll: conoce el uso, finalidad y gesti\u00f3n de las cookies del sitio web, as\u00ed como tus opciones para aceptar, rechazar o configurar preferencias.","breadcrumb":{"@id":"https:\/\/www.ortoll.cat\/es\/aviso-de-cookies\/#breadcrumb"},"inLanguage":"es","potentialAction":[{"@type":"ReadAction","target":["https:\/\/www.ortoll.cat\/es\/aviso-de-cookies\/"]}]},{"@type":"BreadcrumbList","@id":"https:\/\/www.ortoll.cat\/es\/aviso-de-cookies\/#breadcrumb","itemListElement":[{"@type":"ListItem","position":1,"name":"Inici","item":"https:\/\/www.ortoll.cat\/es\/"},{"@type":"ListItem","position":2,"name":"Aviso de cookies"}]},{"@type":"WebSite","@id":"https:\/\/www.ortoll.cat\/#website","url":"https:\/\/www.ortoll.cat\/","name":"Gasoil Ortoll - Servicio de gasoil a domicilio","description":"","publisher":{"@id":"https:\/\/www.ortoll.cat\/#organization"},"potentialAction":[{"@type":"SearchAction","target":{"@type":"EntryPoint","urlTemplate":"https:\/\/www.ortoll.cat\/?s={search_term_string}"},"query-input":{"@type":"PropertyValueSpecification","valueRequired":true,"valueName":"search_term_string"}}],"inLanguage":"es"},{"@type":"Organization","@id":"https:\/\/www.ortoll.cat\/#organization","name":"Gasoil Ortoll","url":"https:\/\/www.ortoll.cat\/","logo":{"@type":"ImageObject","inLanguage":"es","@id":"https:\/\/www.ortoll.cat\/#\/schema\/logo\/image\/","url":"https:\/\/www.ortoll.cat\/wp-content\/uploads\/2024\/12\/Camion-ortoll-Web-little.png","contentUrl":"https:\/\/www.ortoll.cat\/wp-content\/uploads\/2024\/12\/Camion-ortoll-Web-little.png","width":1080,"height":720,"caption":"Gasoil Ortoll"},"image":{"@id":"https:\/\/www.ortoll.cat\/#\/schema\/logo\/image\/"},"sameAs":["https:\/\/www.instagram.com\/gasoil_ortoll\/"]}]}},"_links":{"self":[{"href":"https:\/\/www.ortoll.cat\/es\/wp-json\/wp\/v2\/pages\/1887","targetHints":{"allow":["GET"]}}],"collection":[{"href":"https:\/\/www.ortoll.cat\/es\/wp-json\/wp\/v2\/pages"}],"about":[{"href":"https:\/\/www.ortoll.cat\/es\/wp-json\/wp\/v2\/types\/page"}],"author":[{"embeddable":true,"href":"https:\/\/www.ortoll.cat\/es\/wp-json\/wp\/v2\/users\/1"}],"replies":[{"embeddable":true,"href":"https:\/\/www.ortoll.cat\/es\/wp-json\/wp\/v2\/comments?post=1887"}],"version-history":[{"count":4,"href":"https:\/\/www.ortoll.cat\/es\/wp-json\/wp\/v2\/pages\/1887\/revisions"}],"predecessor-version":[{"id":1904,"href":"https:\/\/www.ortoll.cat\/es\/wp-json\/wp\/v2\/pages\/1887\/revisions\/1904"}],"wp:attachment":[{"href":"https:\/\/www.ortoll.cat\/es\/wp-json\/wp\/v2\/media?parent=1887"}],"curies":[{"name":"wp","href":"https:\/\/api.w.org\/{rel}","templated":true}]}}